{"id":260,"date":"2018-11-11T14:20:42","date_gmt":"2018-11-11T12:20:42","guid":{"rendered":"https:\/\/www.philemery.com\/?page_id=260"},"modified":"2023-07-17T22:00:23","modified_gmt":"2023-07-17T20:00:23","slug":"collections","status":"publish","type":"page","link":"https:\/\/www.philemery.com\/?page_id=260","title":{"rendered":"collections"},"content":{"rendered":"\n<p>I dont collect much but starbucks mugs from locations I have visited and oktoerfest jahreskrug are two things I do. This page is helping me track what I have and what I dont \ud83d\ude00<\/p>\n\n\n\n<h2 class=\"wp-block-heading\">Starbucks You are Here mugs <br>(from countries \/ cities \/ states I have visited)<\/h2>\n\n\n\n<p><strong>AT<\/strong><br>Salzburg<br>Austria<br>Vienna<br>Vienna V2<br>Innsbruck<br><strong>CA<\/strong><br>Montreal<br>Quebec<br><strong>CH<\/strong><br>Zurich<br>Switzerland<br>Lucerne<br>Geneva<br>Bern<br><strong>DE<\/strong><br>Stuttgart<br>N\u00fcrnberg<br>Berlin<br>Oktoberfest<br>K\u00f6ln<br>Heidelberg<br>D\u00fcsseldorf<br>Ramstein<br>Germany<br>Munich<br>Germany &#8211; Christmas<br>Frankfurt<br>Augsburg<br>Metzingen<br>Leipzig<br><strong>ES<\/strong><br>Spain<br>Bilbao<br>Canary Islands<br>Madrid<br><strong>FR<\/strong><br>DisneyLand Paris<br>DisneyLand Paris 30th Birthday<br>France<br>France &#8211; Christmas<br>Lille<br>Paris<br>Strasbourg<br>DisneyLand Paris Avengers Campus<br><strong>HU<\/strong><br>Budapest<br>Hungary<br><strong>IE<\/strong><br>Ireland<br>Dublin<br><strong>IN<\/strong><br>New Delhi<br><strong>IT<\/strong><br>Italy<br>Milan<br>Turin<br><strong>NL<\/strong><br>Netherlands<br>Roermond<br>Utrecht<br>Amsterdam<br><strong>NO<\/strong><br>Norway<br>Oslo<br><strong>UK<\/strong><br>Cardiff<br>London<br>Wales<br>Edinburgh<br>Glasgow<br>Scotland<br>England<br>Birmingham<br>Manchester<br>Newcastle<br>Liverpool<br>Aberdeen<br>St. Andrews<br>Oxford<br>Belfast<br>Northern Ireland<br>England &#8211; Christmas<br>Yorkshire<br><strong>US<\/strong><br>Las Vegas<br>Arizona<br>Boston<br>Cambridge (US)<br>Phoenix<br>San Francisco<br>San Diego<br>California<br>Los Angeles<br>Universal Studios Hollywood<br>North Carolina<br>Washington D.C. <br>Denver<br>Charlotte<br><strong>Other<\/strong><br>Denmark<br>Luxembourg<br>Singapore<br>Belguim<\/p>\n\n\n\n<figure class=\"wp-block-image size-large\"><img loading=\"lazy\" decoding=\"async\" width=\"1024\" height=\"768\" src=\"https:\/\/www.philemery.com\/wp-content\/uploads\/2021\/08\/IMG_8240-1024x768.jpg\" alt=\"Phils mug starbucks you are here mug collection\" class=\"wp-image-445\" srcset=\"https:\/\/www.philemery.com\/wp-content\/uploads\/2021\/08\/IMG_8240-1024x768.jpg 1024w, https:\/\/www.philemery.com\/wp-content\/uploads\/2021\/08\/IMG_8240-300x225.jpg 300w, https:\/\/www.philemery.com\/wp-content\/uploads\/2021\/08\/IMG_8240-768x576.jpg 768w, https:\/\/www.philemery.com\/wp-content\/uploads\/2021\/08\/IMG_8240-1536x1152.jpg 1536w, https:\/\/www.philemery.com\/wp-content\/uploads\/2021\/08\/IMG_8240-2048x1536.jpg 2048w\" sizes=\"auto, (max-width: 767px) 89vw, (max-width: 1000px) 54vw, (max-width: 1071px) 543px, 580px\" \/><figcaption class=\"wp-element-caption\">My Starbucks &#8220;You are here&#8221; mug collection<\/figcaption><\/figure>\n\n\n\n<h2 class=\"wp-block-heading\">Oktoberfest Jahreskrug :<\/h2>\n\n\n\n<div class=\"wp-block-group\"><div class=\"wp-block-group__inner-container is-layout-flow wp-block-group-is-layout-flow\">\n<p>2002<br>2003<br>2004<br>2005<br>2006<br>2007<br>2008<br>2009<br>2010<br>2011<br>2012<br>2013<br>2014<br>2015<br>2016<br>2017<br>2018<br>2019<br>2020<\/p>\n<\/div><\/div>\n","protected":false},"excerpt":{"rendered":"<p>I dont collect much but starbucks mugs from locations I have visited and oktoerfest jahreskrug are two things I do. This page is helping me track what I have and what I dont \ud83d\ude00 Starbucks You are Here mugs (from countries \/ cities \/ states I have visited) ATSalzburgAustriaViennaVienna V2InnsbruckCAMontrealQuebecCHZurichSwitzerlandLucerneGenevaBernDEStuttgartN\u00fcrnbergBerlinOktoberfestK\u00f6lnHeidelbergD\u00fcsseldorfRamsteinGermanyMunichGermany &#8211; ChristmasFrankfurtAugsburgMetzingenLeipzigESSpainBilbaoCanary IslandsMadridFRDisneyLand ParisDisneyLand Paris &hellip; <\/p>\n<p class=\"link-more\"><a href=\"https:\/\/www.philemery.com\/?page_id=260\" class=\"more-link\">Continue reading<span class=\"screen-reader-text\"> &#8220;collections&#8221;<\/span><\/a><\/p>\n","protected":false},"author":1,"featured_media":0,"parent":0,"menu_order":0,"comment_status":"closed","ping_status":"closed","template":"","meta":{"jetpack_post_was_ever_published":false,"footnotes":""},"class_list":["post-260","page","type-page","status-publish","hentry"],"jetpack_sharing_enabled":true,"jetpack_shortlink":"https:\/\/wp.me\/P8fIbJ-4c","_links":{"self":[{"href":"https:\/\/www.philemery.com\/index.php?rest_route=\/wp\/v2\/pages\/260","targetHints":{"allow":["GET"]}}],"collection":[{"href":"https:\/\/www.philemery.com\/index.php?rest_route=\/wp\/v2\/pages"}],"about":[{"href":"https:\/\/www.philemery.com\/index.php?rest_route=\/wp\/v2\/types\/page"}],"author":[{"embeddable":true,"href":"https:\/\/www.philemery.com\/index.php?rest_route=\/wp\/v2\/users\/1"}],"replies":[{"embeddable":true,"href":"https:\/\/www.philemery.com\/index.php?rest_route=%2Fwp%2Fv2%2Fcomments&post=260"}],"version-history":[{"count":36,"href":"https:\/\/www.philemery.com\/index.php?rest_route=\/wp\/v2\/pages\/260\/revisions"}],"predecessor-version":[{"id":530,"href":"https:\/\/www.philemery.com\/index.php?rest_route=\/wp\/v2\/pages\/260\/revisions\/530"}],"wp:attachment":[{"href":"https:\/\/www.philemery.com\/index.php?rest_route=%2Fwp%2Fv2%2Fmedia&parent=260"}],"curies":[{"name":"wp","href":"https:\/\/api.w.org\/{rel}","templated":true}]}}